{"id":27601,"date":"2022-10-03T12:36:06","date_gmt":"2022-10-03T12:36:06","guid":{"rendered":"https:\/\/mallorcamp.com\/quienes-somos\/"},"modified":"2025-01-31T14:53:54","modified_gmt":"2025-01-31T14:53:54","slug":"quienes-somos","status":"publish","type":"page","link":"https:\/\/mallorcamp.com\/es\/quienes-somos\/","title":{"rendered":"Qui\u00e9nes somos"},"content":{"rendered":"\t\t<div data-elementor-type=\"wp-page\" data-elementor-id=\"27601\" class=\"elementor elementor-27601 elementor-18195\" data-elementor-post-type=\"page\">\n\t\t\t\t\t\t<section class=\"elementor-section elementor-top-section elementor-element elementor-element-662cfac9 elementor-section-boxed elementor-section-height-default elementor-section-height-default\" data-id=\"662cfac9\" data-element_type=\"section\" data-settings=\"{&quot;background_background&quot;:&quot;classic&quot;}\">\n\t\t\t\t\t\t\t<div class=\"elementor-background-overlay\"><\/div>\n\t\t\t\t\t\t\t<div class=\"elementor-container elementor-column-gap-default\">\n\t\t\t\t\t<div class=\"elementor-column elementor-col-100 elementor-top-column elementor-element elementor-element-3d6d375d\" data-id=\"3d6d375d\" data-element_type=\"column\">\n\t\t\t<div class=\"elementor-widget-wrap elementor-element-populated\">\n\t\t\t\t\t\t<div class=\"elementor-element elementor-element-16b71f47 elementor-widget elementor-widget-heading\" data-id=\"16b71f47\" data-element_type=\"widget\" data-widget_type=\"heading.default\">\n\t\t\t\t<div class=\"elementor-widget-container\">\n\t\t\t\t\t<h2 class=\"elementor-heading-title elementor-size-default\">Qui\u00e9nes somos<\/h2>\t\t\t\t<\/div>\n\t\t\t\t<\/div>\n\t\t\t\t\t<\/div>\n\t\t<\/div>\n\t\t\t\t\t<\/div>\n\t\t<\/section>\n\t\t\t\t<section class=\"elementor-section elementor-top-section elementor-element elementor-element-38002a50 elementor-section-boxed elementor-section-height-default elementor-section-height-default\" data-id=\"38002a50\" data-element_type=\"section\">\n\t\t\t\t\t\t<div class=\"elementor-container elementor-column-gap-default\">\n\t\t\t\t\t<div class=\"elementor-column elementor-col-50 elementor-top-column elementor-element elementor-element-568489bd\" data-id=\"568489bd\" data-element_type=\"column\">\n\t\t\t<div class=\"elementor-widget-wrap elementor-element-populated\">\n\t\t\t\t\t\t<div class=\"elementor-element elementor-element-255e4250 elementor-widget elementor-widget-image\" data-id=\"255e4250\" data-element_type=\"widget\" data-widget_type=\"image.default\">\n\t\t\t\t<div class=\"elementor-widget-container\">\n\t\t\t\t\t\t\t\t\t\t\t\t\t\t\t<img decoding=\"async\" src=\"https:\/\/mallorcamp.com\/wp-content\/uploads\/elementor\/thumbs\/mallorcamp-view-1-qczkmlb4k75ihblnxhjmbp4ktqr22mbb26wntsy5ts.jpg\" title=\"mallorcamp-view (1)\" alt=\"mallorcamp-view (1)\" loading=\"lazy\" \/>\t\t\t\t\t\t\t\t\t\t\t\t\t\t\t<\/div>\n\t\t\t\t<\/div>\n\t\t\t\t<div class=\"elementor-element elementor-element-54ff4e01 elementor-widget elementor-widget-image\" data-id=\"54ff4e01\" data-element_type=\"widget\" data-widget_type=\"image.default\">\n\t\t\t\t<div class=\"elementor-widget-container\">\n\t\t\t\t\t\t\t\t\t\t\t\t\t\t\t<img decoding=\"async\" src=\"https:\/\/mallorcamp.com\/wp-content\/uploads\/elementor\/thumbs\/image-10mallorcamp-1-qbupqkrzx5u4ldcvi6r7dgcz72hq41hhu1w4r7fg1s.jpg\" title=\"image 10mallorcamp (1)\" alt=\"image 10mallorcamp (1)\" loading=\"lazy\" \/>\t\t\t\t\t\t\t\t\t\t\t\t\t\t\t<\/div>\n\t\t\t\t<\/div>\n\t\t\t\t<div class=\"elementor-element elementor-element-1d94441 elementor-hidden-mobile elementor-widget elementor-widget-image-carousel\" data-id=\"1d94441\" data-element_type=\"widget\" data-settings=\"{&quot;lazyload&quot;:&quot;yes&quot;,&quot;navigation&quot;:&quot;none&quot;,&quot;pause_on_hover&quot;:&quot;no&quot;,&quot;pause_on_interaction&quot;:&quot;no&quot;,&quot;autoplay_speed&quot;:4000,&quot;autoplay&quot;:&quot;yes&quot;,&quot;infinite&quot;:&quot;yes&quot;,&quot;speed&quot;:500}\" data-widget_type=\"image-carousel.default\">\n\t\t\t\t<div class=\"elementor-widget-container\">\n\t\t\t\t\t\t\t<div class=\"elementor-image-carousel-wrapper swiper\" role=\"region\" aria-roledescription=\"carousel\" aria-label=\"Carrusel de im\u00e1genes\" dir=\"ltr\">\n\t\t\t<div class=\"elementor-image-carousel swiper-wrapper swiper-image-stretch\" aria-live=\"off\">\n\t\t\t\t\t\t\t\t<div class=\"swiper-slide\" role=\"group\" aria-roledescription=\"slide\" aria-label=\"1 de 3\"><figure class=\"swiper-slide-inner\"><img class=\"swiper-slide-image swiper-lazy\" data-src=\"https:\/\/mallorcamp.com\/wp-content\/uploads\/2023\/09\/Copia-de-Copia-de-PHOTO-2023-02-14-18-44-10-1.jpg\" alt=\"Copia de Copia de PHOTO-2023-02-14-18-44-10 (1)\" \/><div class=\"swiper-lazy-preloader\"><\/div><\/figure><\/div><div class=\"swiper-slide\" role=\"group\" aria-roledescription=\"slide\" aria-label=\"2 de 3\"><figure class=\"swiper-slide-inner\"><img class=\"swiper-slide-image swiper-lazy\" data-src=\"https:\/\/mallorcamp.com\/wp-content\/uploads\/2023\/09\/Copia-de-Copia-de-PHOTO-2023-02-14-18-44-10-2.jpg\" alt=\"Copia de Copia de PHOTO-2023-02-14-18-44-10 (2)\" \/><div class=\"swiper-lazy-preloader\"><\/div><\/figure><\/div><div class=\"swiper-slide\" role=\"group\" aria-roledescription=\"slide\" aria-label=\"3 de 3\"><figure class=\"swiper-slide-inner\"><img class=\"swiper-slide-image swiper-lazy\" data-src=\"https:\/\/mallorcamp.com\/wp-content\/uploads\/2023\/09\/Copia-de-Copia-de-PHOTO-2023-02-14-18-44-10.jpg\" alt=\"Copia de Copia de PHOTO-2023-02-14-18-44-10\" \/><div class=\"swiper-lazy-preloader\"><\/div><\/figure><\/div>\t\t\t<\/div>\n\t\t\t\t\t\t\t\n\t\t\t\t\t\t\t\t\t<\/div>\n\t\t\t\t\t\t<\/div>\n\t\t\t\t<\/div>\n\t\t\t\t\t<\/div>\n\t\t<\/div>\n\t\t\t\t<div class=\"elementor-column elementor-col-50 elementor-top-column elementor-element elementor-element-3bcf0f30\" data-id=\"3bcf0f30\" data-element_type=\"column\">\n\t\t\t<div class=\"elementor-widget-wrap elementor-element-populated\">\n\t\t\t\t\t\t<section class=\"elementor-section elementor-inner-section elementor-element elementor-element-4abdc6ce elementor-section-boxed elementor-section-height-default elementor-section-height-default\" data-id=\"4abdc6ce\" data-element_type=\"section\">\n\t\t\t\t\t\t<div class=\"elementor-container elementor-column-gap-no\">\n\t\t\t\t\t<div class=\"elementor-column elementor-col-100 elementor-inner-column elementor-element elementor-element-48bda1a8\" data-id=\"48bda1a8\" data-element_type=\"column\" data-settings=\"{&quot;background_background&quot;:&quot;classic&quot;}\">\n\t\t\t<div class=\"elementor-widget-wrap elementor-element-populated\">\n\t\t\t\t\t\t<div class=\"elementor-element elementor-element-76787d2 elementor-widget elementor-widget-image\" data-id=\"76787d2\" data-element_type=\"widget\" data-widget_type=\"image.default\">\n\t\t\t\t<div class=\"elementor-widget-container\">\n\t\t\t\t\t\t\t\t\t\t\t\t\t\t\t<img fetchpriority=\"high\" decoding=\"async\" width=\"800\" height=\"355\" src=\"https:\/\/mallorcamp.com\/wp-content\/uploads\/2023\/09\/LOGO-1-1-1024x455.png\" class=\"attachment-large size-large wp-image-26553\" alt=\"\" srcset=\"https:\/\/mallorcamp.com\/wp-content\/uploads\/2023\/09\/LOGO-1-1-1024x455.png 1024w, https:\/\/mallorcamp.com\/wp-content\/uploads\/2023\/09\/LOGO-1-1-300x133.png 300w, https:\/\/mallorcamp.com\/wp-content\/uploads\/2023\/09\/LOGO-1-1-768x342.png 768w, https:\/\/mallorcamp.com\/wp-content\/uploads\/2023\/09\/LOGO-1-1-1536x683.png 1536w, https:\/\/mallorcamp.com\/wp-content\/uploads\/2023\/09\/LOGO-1-1-2048x911.png 2048w, https:\/\/mallorcamp.com\/wp-content\/uploads\/2023\/09\/LOGO-1-1-370x165.png 370w, https:\/\/mallorcamp.com\/wp-content\/uploads\/2023\/09\/LOGO-1-1-840x374.png 840w, https:\/\/mallorcamp.com\/wp-content\/uploads\/2023\/09\/LOGO-1-1-410x182.png 410w\" sizes=\"(max-width: 800px) 100vw, 800px\" \/>\t\t\t\t\t\t\t\t\t\t\t\t\t\t\t<\/div>\n\t\t\t\t<\/div>\n\t\t\t\t<div class=\"elementor-element elementor-element-2401257 elementor-view-framed elementor-position-left elementor-widget__width-auto animated-slow elementor-mobile-position-left elementor-shape-circle elementor-vertical-align-top elementor-invisible elementor-widget elementor-widget-icon-box\" data-id=\"2401257\" data-element_type=\"widget\" data-settings=\"{&quot;_animation&quot;:&quot;fadeInRight&quot;}\" data-widget_type=\"icon-box.default\">\n\t\t\t\t<div class=\"elementor-widget-container\">\n\t\t\t\t\t\t\t<div class=\"elementor-icon-box-wrapper\">\n\n\t\t\t\t\t\t<div class=\"elementor-icon-box-icon\">\n\t\t\t\t<span  class=\"elementor-icon\">\n\t\t\t\t<i aria-hidden=\"true\" class=\"jki jki-baseball-ball-solid\"><\/i>\t\t\t\t<\/span>\n\t\t\t<\/div>\n\t\t\t\n\t\t\t\t\t\t<div class=\"elementor-icon-box-content\">\n\n\t\t\t\t\t\t\t\t\t<h5 class=\"elementor-icon-box-title\">\n\t\t\t\t\t\t<span  >\n\t\t\t\t\t\t\tBienvenido a Mallorcamp\t\t\t\t\t\t<\/span>\n\t\t\t\t\t<\/h5>\n\t\t\t\t\n\t\t\t\t\n\t\t\t<\/div>\n\t\t\t\n\t\t<\/div>\n\t\t\t\t\t\t<\/div>\n\t\t\t\t<\/div>\n\t\t\t\t<div class=\"elementor-element elementor-element-34bd8363 elementor-widget elementor-widget-heading\" data-id=\"34bd8363\" data-element_type=\"widget\" data-widget_type=\"heading.default\">\n\t\t\t\t<div class=\"elementor-widget-container\">\n\t\t\t\t\t<h2 class=\"elementor-heading-title elementor-size-default\">ELEVA TU NIVEL DE TENIS O P\u00c1DEL CON MALLORCAMP<\/h2>\t\t\t\t<\/div>\n\t\t\t\t<\/div>\n\t\t\t\t<div class=\"elementor-element elementor-element-19607e41 elementor-widget elementor-widget-text-editor\" data-id=\"19607e41\" data-element_type=\"widget\" data-widget_type=\"text-editor.default\">\n\t\t\t\t<div class=\"elementor-widget-container\">\n\t\t\t\t\t\t\t\t\t<p>Mallorcamp es una empresa l\u00edder en entrenamiento de tenis en la isla de Mallorca, con un equipo de entrenadores muy experimentado y diverso.<\/p>\n<section id=\"comp-leixzyt6\" class=\"Oqnisf comp-leixzyt6 wixui-section\" tabindex=\"-1\">\n<div class=\"\" data-mesh-id=\"comp-leixzyt6inlineContent\" data-testid=\"inline-content\">\n<div data-mesh-id=\"comp-leixzyt6inlineContent-gridContainer\" data-testid=\"mesh-container-content\">\n<div id=\"comp-leixzytv\" class=\"KcpHeO tz5f0K comp-leixzytv wixui-rich-text\" data-testid=\"richTextElement\">\n<p class=\"font_8 wixui-rich-text__text\">Unimos la explosiva combinaci\u00f3n de excelente nivel de juego, juventud, y amplia experiencia de juego profesional de Gregorio, que le ayuda a entender al jugador en todos los aspectos, el conocimiento de Camilo de trabajar en diferentes academias de todo el mundo y con grandes entrenadores, que aporta una visi\u00f3n global del tenis. Ambos abrazados por la amplia experiencia de Antonio, con 35 a\u00f1os de trabajo en la gesti\u00f3n de programas e instituciones de desarrollo de jugadores en diferentes pa\u00edses.<\/p>\n<p class=\"font_8 wixui-rich-text__text\">El programa de formaci\u00f3n es de alta calidad y puede ofrecer c\u00f3modas opciones de alojamiento y un enfoque centrado en la excelencia del servicio, que trata al jugador como tal y no como un cliente.<\/p>\n<p class=\"font_8 wixui-rich-text__text\">El programa es adecuado para personas de todos los niveles de habilidad y experiencia, y los entrenadores est\u00e1n preparados para ayudar a los participantes a alcanzar sus objetivos de entrenamiento, independientemente de su nivel de habilidad.<\/p>\n<\/div>\n<\/div>\n<\/div>\n<\/section>\n\t\t\t\t\t\t\t\t<\/div>\n\t\t\t\t<\/div>\n\t\t\t\t\t<\/div>\n\t\t<\/div>\n\t\t\t\t\t<\/div>\n\t\t<\/section>\n\t\t\t\t<section class=\"elementor-section elementor-inner-section elementor-element elementor-element-86f0a2c animated-slow elementor-section-boxed elementor-section-height-default elementor-section-height-default elementor-invisible\" data-id=\"86f0a2c\" data-element_type=\"section\" data-settings=\"{&quot;animation&quot;:&quot;fadeInUp&quot;}\">\n\t\t\t\t\t\t<div class=\"elementor-container elementor-column-gap-no\">\n\t\t\t\t\t<div class=\"elementor-column elementor-col-33 elementor-inner-column elementor-element elementor-element-154dcc2\" data-id=\"154dcc2\" data-element_type=\"column\">\n\t\t\t<div class=\"elementor-widget-wrap elementor-element-populated\">\n\t\t\t\t\t\t<div class=\"elementor-element elementor-element-3f1d0b5 elementor-widget elementor-widget-jkit_fun_fact\" data-id=\"3f1d0b5\" data-element_type=\"widget\" data-widget_type=\"jkit_fun_fact.default\">\n\t\t\t\t<div class=\"elementor-widget-container\">\n\t\t\t\t\t<div  class=\"jeg-elementor-kit jkit-fun-fact align-center hover-from-left elementor-animation- jeg_module___69dff5d1e6656\" ><div class=fun-fact-inner>\n            <div class=\"content\">\n                <div class=\"number-wrapper\"><span class=\"prefix\"><\/span>\n        <span class=\"number\" data-value=\"300\" data-animation-duration=\"3500\">0<\/span>\n        <span class=\"suffix\"><\/span><sup class=\"super\">+<\/sup><\/div>\n                <span class=\"title\">Sucessful Students<\/span>\n            <\/div>\n        <\/div><\/div>\t\t\t\t<\/div>\n\t\t\t\t<\/div>\n\t\t\t\t\t<\/div>\n\t\t<\/div>\n\t\t\t\t<div class=\"elementor-column elementor-col-33 elementor-inner-column elementor-element elementor-element-fb955fa\" data-id=\"fb955fa\" data-element_type=\"column\">\n\t\t\t<div class=\"elementor-widget-wrap elementor-element-populated\">\n\t\t\t\t\t\t<div class=\"elementor-element elementor-element-b48a9ce elementor-widget elementor-widget-jkit_fun_fact\" data-id=\"b48a9ce\" data-element_type=\"widget\" data-widget_type=\"jkit_fun_fact.default\">\n\t\t\t\t<div class=\"elementor-widget-container\">\n\t\t\t\t\t<div  class=\"jeg-elementor-kit jkit-fun-fact align-center hover-from-left elementor-animation- jeg_module__1_69dff5d1e6b91\" ><div class=fun-fact-inner>\n            <div class=\"content\">\n                <div class=\"number-wrapper\"><span class=\"prefix\"><\/span>\n        <span class=\"number\" data-value=\"25\" data-animation-duration=\"3500\">0<\/span>\n        <span class=\"suffix\"><\/span><sup class=\"super\">+<\/sup><\/div>\n                <span class=\"title\">Years Of Experience<\/span>\n            <\/div>\n        <\/div><\/div>\t\t\t\t<\/div>\n\t\t\t\t<\/div>\n\t\t\t\t\t<\/div>\n\t\t<\/div>\n\t\t\t\t<div class=\"elementor-column elementor-col-33 elementor-inner-column elementor-element elementor-element-1334a8b\" data-id=\"1334a8b\" data-element_type=\"column\">\n\t\t\t<div class=\"elementor-widget-wrap elementor-element-populated\">\n\t\t\t\t\t\t<div class=\"elementor-element elementor-element-84d5744 elementor-widget elementor-widget-jkit_fun_fact\" data-id=\"84d5744\" data-element_type=\"widget\" data-widget_type=\"jkit_fun_fact.default\">\n\t\t\t\t<div class=\"elementor-widget-container\">\n\t\t\t\t\t<div  class=\"jeg-elementor-kit jkit-fun-fact align-center hover-from-left elementor-animation- jeg_module__2_69dff5d1e6ff6\" ><div class=fun-fact-inner>\n            <div class=\"content\">\n                <div class=\"number-wrapper\"><span class=\"prefix\"><\/span>\n        <span class=\"number\" data-value=\"20\" data-animation-duration=\"3500\">0<\/span>\n        <span class=\"suffix\"><\/span><sup class=\"super\">+<\/sup><\/div>\n                <span class=\"title\">Pro Players Trained<\/span>\n            <\/div>\n        <\/div><\/div>\t\t\t\t<\/div>\n\t\t\t\t<\/div>\n\t\t\t\t\t<\/div>\n\t\t<\/div>\n\t\t\t\t\t<\/div>\n\t\t<\/section>\n\t\t\t\t\t<\/div>\n\t\t<\/div>\n\t\t\t\t\t<\/div>\n\t\t<\/section>\n\t\t\t\t<\/div>\n\t\t","protected":false},"excerpt":{"rendered":"<p>Qui\u00e9nes somos Bienvenido a Mallorcamp ELEVA TU NIVEL DE TENIS O P\u00c1DEL CON MALLORCAMP Mallorcamp es una empresa l\u00edder en entrenamiento de tenis en la isla de Mallorca, con un equipo de entrenadores muy experimentado y diverso. Unimos la explosiva combinaci\u00f3n de excelente nivel de juego, juventud, y amplia experiencia de juego profesional de Gregorio, [&hellip;]<\/p>\n","protected":false},"author":1,"featured_media":0,"parent":0,"menu_order":0,"comment_status":"closed","ping_status":"closed","template":"","meta":{"_mi_skip_tracking":false,"_monsterinsights_sitenote_active":false,"_monsterinsights_sitenote_note":"","_monsterinsights_sitenote_category":0,"footnotes":""},"class_list":["post-27601","page","type-page","status-publish","hentry"],"_links":{"self":[{"href":"https:\/\/mallorcamp.com\/es\/wp-json\/wp\/v2\/pages\/27601","targetHints":{"allow":["GET"]}}],"collection":[{"href":"https:\/\/mallorcamp.com\/es\/wp-json\/wp\/v2\/pages"}],"about":[{"href":"https:\/\/mallorcamp.com\/es\/wp-json\/wp\/v2\/types\/page"}],"author":[{"embeddable":true,"href":"https:\/\/mallorcamp.com\/es\/wp-json\/wp\/v2\/users\/1"}],"replies":[{"embeddable":true,"href":"https:\/\/mallorcamp.com\/es\/wp-json\/wp\/v2\/comments?post=27601"}],"version-history":[{"count":1,"href":"https:\/\/mallorcamp.com\/es\/wp-json\/wp\/v2\/pages\/27601\/revisions"}],"predecessor-version":[{"id":27602,"href":"https:\/\/mallorcamp.com\/es\/wp-json\/wp\/v2\/pages\/27601\/revisions\/27602"}],"wp:attachment":[{"href":"https:\/\/mallorcamp.com\/es\/wp-json\/wp\/v2\/media?parent=27601"}],"curies":[{"name":"wp","href":"https:\/\/api.w.org\/{rel}","templated":true}]}}