{"id":27595,"date":"2023-09-28T01:54:29","date_gmt":"2023-09-28T01:54:29","guid":{"rendered":"https:\/\/mallorcamp.com\/location-de-voitures\/"},"modified":"2023-09-28T03:05:47","modified_gmt":"2023-09-28T03:05:47","slug":"location-de-voitures","status":"publish","type":"page","link":"https:\/\/mallorcamp.com\/fr\/location-de-voitures\/","title":{"rendered":"Location de voitures"},"content":{"rendered":"\t\t<div data-elementor-type=\"wp-page\" data-elementor-id=\"27595\" class=\"elementor elementor-27595 elementor-27535\" data-elementor-post-type=\"page\">\n\t\t\t\t\t\t<section class=\"elementor-section elementor-top-section elementor-element elementor-element-4a867cf elementor-section-boxed elementor-section-height-default elementor-section-height-default\" data-id=\"4a867cf\" data-element_type=\"section\" data-settings=\"{&quot;background_background&quot;:&quot;classic&quot;}\">\n\t\t\t\t\t\t\t<div class=\"elementor-background-overlay\"><\/div>\n\t\t\t\t\t\t\t<div class=\"elementor-container elementor-column-gap-default\">\n\t\t\t\t\t<div class=\"elementor-column elementor-col-100 elementor-top-column elementor-element elementor-element-aa6c193\" data-id=\"aa6c193\" data-element_type=\"column\">\n\t\t\t<div class=\"elementor-widget-wrap elementor-element-populated\">\n\t\t\t\t\t\t<div class=\"elementor-element elementor-element-33d459a elementor-widget elementor-widget-heading\" data-id=\"33d459a\" data-element_type=\"widget\" data-widget_type=\"heading.default\">\n\t\t\t\t<div class=\"elementor-widget-container\">\n\t\t\t\t\t<h2 class=\"elementor-heading-title elementor-size-default\">Explorez Majorque avec Offugo - Votre partenaire fiable pour la location de voitures<\/h2>\t\t\t\t<\/div>\n\t\t\t\t<\/div>\n\t\t\t\t\t<\/div>\n\t\t<\/div>\n\t\t\t\t\t<\/div>\n\t\t<\/section>\n\t\t\t\t<section class=\"elementor-section elementor-top-section elementor-element elementor-element-009436c elementor-section-boxed elementor-section-height-default elementor-section-height-default\" data-id=\"009436c\" data-element_type=\"section\" data-settings=\"{&quot;background_background&quot;:&quot;classic&quot;}\">\n\t\t\t\t\t\t<div class=\"elementor-container elementor-column-gap-default\">\n\t\t\t\t\t<div class=\"elementor-column elementor-col-100 elementor-top-column elementor-element elementor-element-be6e91f\" data-id=\"be6e91f\" data-element_type=\"column\">\n\t\t\t<div class=\"elementor-widget-wrap elementor-element-populated\">\n\t\t\t\t\t\t<div class=\"elementor-element elementor-element-57ef57d elementor-view-framed elementor-position-left elementor-widget__width-auto animated-slow elementor-shape-circle elementor-mobile-position-top elementor-vertical-align-top elementor-invisible elementor-widget elementor-widget-icon-box\" data-id=\"57ef57d\" data-element_type=\"widget\" data-settings=\"{&quot;_animation&quot;:&quot;fadeInUp&quot;}\" data-widget_type=\"icon-box.default\">\n\t\t\t\t<div class=\"elementor-widget-container\">\n\t\t\t\t\t\t\t<div class=\"elementor-icon-box-wrapper\">\n\n\t\t\t\t\t\t<div class=\"elementor-icon-box-icon\">\n\t\t\t\t<span  class=\"elementor-icon\">\n\t\t\t\t<i aria-hidden=\"true\" class=\"jki jki-baseball-ball-solid\"><\/i>\t\t\t\t<\/span>\n\t\t\t<\/div>\n\t\t\t\n\t\t\t\t\t\t<div class=\"elementor-icon-box-content\">\n\n\t\t\t\t\t\t\t\t\t<h5 class=\"elementor-icon-box-title\">\n\t\t\t\t\t\t<span  >\n\t\t\t\t\t\t\tCommencez votre aventure \u00e0 Majorque !  \t\t\t\t\t\t<\/span>\n\t\t\t\t\t<\/h5>\n\t\t\t\t\n\t\t\t\t\n\t\t\t<\/div>\n\t\t\t\n\t\t<\/div>\n\t\t\t\t\t\t<\/div>\n\t\t\t\t<\/div>\n\t\t\t\t<div class=\"elementor-element elementor-element-ada9d88 elementor-widget elementor-widget-heading\" data-id=\"ada9d88\" data-element_type=\"widget\" data-widget_type=\"heading.default\">\n\t\t\t\t<div class=\"elementor-widget-container\">\n\t\t\t\t\t<h2 class=\"elementor-heading-title elementor-size-default\">Louez avec Offugo et \u00e9conomisez 10% maintenant !<\/h2>\t\t\t\t<\/div>\n\t\t\t\t<\/div>\n\t\t\t\t<div class=\"elementor-element elementor-element-f4c8181 elementor-widget elementor-widget-text-editor\" data-id=\"f4c8181\" data-element_type=\"widget\" data-widget_type=\"text-editor.default\">\n\t\t\t\t<div class=\"elementor-widget-container\">\n\t\t\t\t\t\t\t\t\tD\u00e9couvrez les merveilles de Majorque \u00e0 votre rythme avec Offugo, notre partenaire de confiance pour la location de voitures. Que vous partiez \u00e0 la d\u00e9couverte de plages cach\u00e9es, de villages charmants ou de montagnes pittoresques, Offugo a le v\u00e9hicule id\u00e9al pour vous.\n\nEn tant que client de MallorCamp, vous avez droit \u00e0 une r\u00e9duction exclusive de 10% sur votre location de voiture. Il suffit d&rsquo;utiliser le code promo <strong>MALLORCAMP10<\/strong> chez <a href=\"https:\/\/offugo.es\/?voucher=MALLORCAMP10\" target=\"_blank\" rel=\"noopener\">Offugo<\/a> pour b\u00e9n\u00e9ficier de cette offre sp\u00e9ciale.\t\t\t\t\t\t\t\t<\/div>\n\t\t\t\t<\/div>\n\t\t\t\t<div class=\"elementor-element elementor-element-a99d369 elementor-align-center elementor-widget elementor-widget-button\" data-id=\"a99d369\" data-element_type=\"widget\" data-widget_type=\"button.default\">\n\t\t\t\t<div class=\"elementor-widget-container\">\n\t\t\t\t\t\t\t\t\t<div class=\"elementor-button-wrapper\">\n\t\t\t\t\t<a class=\"elementor-button elementor-button-link elementor-size-sm\" href=\"https:\/\/offugo.es\/?voucher=MALLORCAMP10\" target=\"_blank\" rel=\"noopener\">\n\t\t\t\t\t\t<span class=\"elementor-button-content-wrapper\">\n\t\t\t\t\t\t\t\t\t<span class=\"elementor-button-text\">aller \u00e0 offugo<\/span>\n\t\t\t\t\t<\/span>\n\t\t\t\t\t<\/a>\n\t\t\t\t<\/div>\n\t\t\t\t\t\t\t\t<\/div>\n\t\t\t\t<\/div>\n\t\t\t\t<div class=\"elementor-element elementor-element-3bf93b7 elementor-widget elementor-widget-image\" data-id=\"3bf93b7\" data-element_type=\"widget\" data-widget_type=\"image.default\">\n\t\t\t\t<div class=\"elementor-widget-container\">\n\t\t\t\t\t\t\t\t\t\t\t\t\t\t\t<img fetchpriority=\"high\" decoding=\"async\" width=\"800\" height=\"500\" src=\"https:\/\/mallorcamp.com\/wp-content\/uploads\/2023\/09\/317511121_574524344679717_8633391771543208298_n-1024x640.png\" class=\"attachment-large size-large wp-image-27551\" alt=\"\" srcset=\"https:\/\/mallorcamp.com\/wp-content\/uploads\/2023\/09\/317511121_574524344679717_8633391771543208298_n-1024x640.png 1024w, https:\/\/mallorcamp.com\/wp-content\/uploads\/2023\/09\/317511121_574524344679717_8633391771543208298_n-300x188.png 300w, https:\/\/mallorcamp.com\/wp-content\/uploads\/2023\/09\/317511121_574524344679717_8633391771543208298_n-768x480.png 768w, https:\/\/mallorcamp.com\/wp-content\/uploads\/2023\/09\/317511121_574524344679717_8633391771543208298_n-1536x960.png 1536w, https:\/\/mallorcamp.com\/wp-content\/uploads\/2023\/09\/317511121_574524344679717_8633391771543208298_n.png 2048w\" sizes=\"(max-width: 800px) 100vw, 800px\" \/>\t\t\t\t\t\t\t\t\t\t\t\t\t\t\t<\/div>\n\t\t\t\t<\/div>\n\t\t\t\t\t<\/div>\n\t\t<\/div>\n\t\t\t\t\t<\/div>\n\t\t<\/section>\n\t\t\t\t<\/div>\n\t\t","protected":false},"excerpt":{"rendered":"<p>Explorez Majorque avec Offugo &#8211; Votre partenaire fiable pour la location de voitures Commencez votre aventure \u00e0 Majorque ! Louez avec Offugo et \u00e9conomisez 10% maintenant ! D\u00e9couvrez les merveilles de Majorque \u00e0 votre rythme avec Offugo, notre partenaire de confiance pour la location de voitures. Que vous partiez \u00e0 la d\u00e9couverte de plages cach\u00e9es, [&hellip;]<\/p>\n","protected":false},"author":1,"featured_media":0,"parent":0,"menu_order":0,"comment_status":"closed","ping_status":"closed","template":"","meta":{"_mi_skip_tracking":false,"_monsterinsights_sitenote_active":false,"_monsterinsights_sitenote_note":"","_monsterinsights_sitenote_category":0,"footnotes":""},"class_list":["post-27595","page","type-page","status-publish","hentry"],"_links":{"self":[{"href":"https:\/\/mallorcamp.com\/fr\/wp-json\/wp\/v2\/pages\/27595","targetHints":{"allow":["GET"]}}],"collection":[{"href":"https:\/\/mallorcamp.com\/fr\/wp-json\/wp\/v2\/pages"}],"about":[{"href":"https:\/\/mallorcamp.com\/fr\/wp-json\/wp\/v2\/types\/page"}],"author":[{"embeddable":true,"href":"https:\/\/mallorcamp.com\/fr\/wp-json\/wp\/v2\/users\/1"}],"replies":[{"embeddable":true,"href":"https:\/\/mallorcamp.com\/fr\/wp-json\/wp\/v2\/comments?post=27595"}],"version-history":[{"count":1,"href":"https:\/\/mallorcamp.com\/fr\/wp-json\/wp\/v2\/pages\/27595\/revisions"}],"predecessor-version":[{"id":27596,"href":"https:\/\/mallorcamp.com\/fr\/wp-json\/wp\/v2\/pages\/27595\/revisions\/27596"}],"wp:attachment":[{"href":"https:\/\/mallorcamp.com\/fr\/wp-json\/wp\/v2\/media?parent=27595"}],"curies":[{"name":"wp","href":"https:\/\/api.w.org\/{rel}","templated":true}]}}