{"id":27599,"date":"2022-10-03T12:36:06","date_gmt":"2022-10-03T12:36:06","guid":{"rendered":"https:\/\/mallorcamp.com\/a-propos-de-nous\/"},"modified":"2023-09-28T03:05:48","modified_gmt":"2023-09-28T03:05:48","slug":"a-propos-de-nous","status":"publish","type":"page","link":"https:\/\/mallorcamp.com\/fr\/a-propos-de-nous\/","title":{"rendered":"\u00c0 propos de nous"},"content":{"rendered":"<h2>\u00c0 propos de nous<\/h2>\n<p>\t\t\t\t\t\t\t\t\t\t\t\t\t\t\t<img decoding=\"async\" src=\"https:\/\/mallorcamp.com\/wp-content\/uploads\/2023\/09\/mallorcamp-view-1.jpg\" title=\"mallorcamp-view (1)\" alt=\"mallorcamp-view (1)\" loading=\"lazy\" \/><br \/>\n\t\t\t\t\t\t\t\t\t\t\t\t\t\t\t<img decoding=\"async\" src=\"https:\/\/mallorcamp.com\/wp-content\/uploads\/2023\/09\/image-10mallorcamp-1.jpg\" title=\"image 10mallorcamp (1)\" alt=\"image 10mallorcamp (1)\" loading=\"lazy\" \/>\t\t\t\t\t\t\t\t\t\t\t\t\t\t\t<\/p>\n<figure><img data-src=\"https:\/\/mallorcamp.com\/wp-content\/uploads\/2023\/09\/Copia-de-Copia-de-PHOTO-2023-02-14-18-44-10-1.jpg\" alt=\"Copia de Copia de PHOTO-2023-02-14-18-44-10 (1)\" \/><\/figure>\n<figure><img data-src=\"https:\/\/mallorcamp.com\/wp-content\/uploads\/2023\/09\/Copia-de-Copia-de-PHOTO-2023-02-14-18-44-10-2.jpg\" alt=\"Copia de Copia de PHOTO-2023-02-14-18-44-10 (2)\" \/><\/figure>\n<figure><img data-src=\"https:\/\/mallorcamp.com\/wp-content\/uploads\/2023\/09\/Copia-de-Copia-de-PHOTO-2023-02-14-18-44-10.jpg\" alt=\"Copia de Copia de PHOTO-2023-02-14-18-44-10\" \/><\/figure>\n<p>\t\t\t\t\t\t\t\t\t\t\t\t\t\t\t<img loading=\"lazy\" width=\"800\" height=\"355\" src=\"https:\/\/mallorcamp.com\/wp-content\/uploads\/2023\/09\/LOGO-1-1-1024x455.png\" alt=\"\" decoding=\"async\" loading=\"lazy\" srcset=\"https:\/\/mallorcamp.com\/wp-content\/uploads\/2023\/09\/LOGO-1-1-1024x455.png 1024w, https:\/\/mallorcamp.com\/wp-content\/uploads\/2023\/09\/LOGO-1-1-300x133.png 300w, https:\/\/mallorcamp.com\/wp-content\/uploads\/2023\/09\/LOGO-1-1-768x342.png 768w, https:\/\/mallorcamp.com\/wp-content\/uploads\/2023\/09\/LOGO-1-1-1536x683.png 1536w, https:\/\/mallorcamp.com\/wp-content\/uploads\/2023\/09\/LOGO-1-1-2048x911.png 2048w, https:\/\/mallorcamp.com\/wp-content\/uploads\/2023\/09\/LOGO-1-1-370x165.png 370w, https:\/\/mallorcamp.com\/wp-content\/uploads\/2023\/09\/LOGO-1-1-840x374.png 840w, https:\/\/mallorcamp.com\/wp-content\/uploads\/2023\/09\/LOGO-1-1-410x182.png 410w\" sizes=\"auto, (max-width: 800px) 100vw, 800px\" \/>\t\t\t\t\t\t\t\t\t\t\t\t\t\t\t<\/p>\n<h5>\n\t\t\t\t\t\tBienvenue \u00e0 Mallorcamp<br \/>\n\t\t\t\t<\/h5>\n<h2>AM\u00c9LIOREZ VOS COMP\u00c9TENCES EN TENNIS OU EN PADEL AVEC MALLORCAMP<\/h2>\n<p>Mallorcamp est une entreprise leader dans le domaine de l&rsquo;entra\u00eenement au tennis sur l&rsquo;\u00eele de Majorque, avec une \u00e9quipe d&rsquo;entra\u00eeneurs tr\u00e8s exp\u00e9riment\u00e9s et diversifi\u00e9s.<\/p>\n<section id=\"comp-leixzyt6\" tabindex=\"-1\">\n<p>Nous r\u00e9unissons la combinaison explosive de l&rsquo;excellent niveau de jeu, de la jeunesse et de la vaste exp\u00e9rience de joueur professionnel de Gregorio, qui l&rsquo;aide \u00e0 comprendre le joueur dans tous ses aspects, et de la connaissance de Camilo, qui a travaill\u00e9 dans diff\u00e9rentes acad\u00e9mies \u00e0 travers le monde et avec de grands entra\u00eeneurs, ce qui apporte une vision globale du tennis. Tous deux s&rsquo;appuient sur la vaste exp\u00e9rience d&rsquo;Antonio, qui a travaill\u00e9 pendant 35 ans \u00e0 la gestion de programmes et d&rsquo;institutions de d\u00e9veloppement des joueurs dans diff\u00e9rents pays.<\/p>\n<p>Le programme de formation est de grande qualit\u00e9 et peut offrir des options d&rsquo;h\u00e9bergement pratiques et un service d&rsquo;excellence, qui traite le joueur comme un joueur et non comme un client.<\/p>\n<p>Le programme est adapt\u00e9 aux personnes de tous les niveaux de comp\u00e9tence et d&rsquo;exp\u00e9rience, et les entra\u00eeneurs sont pr\u00eats \u00e0 aider les participants \u00e0 atteindre leurs objectifs d&rsquo;entra\u00eenement, quel que soit leur niveau de comp\u00e9tence.<\/p>\n<\/section>\n<p>        0<br \/>\n        <sup>+<\/sup><br \/>\n                Sucessful Students<br \/>\n        0<br \/>\n        <sup>+<\/sup><br \/>\n                Years Of Experience<br \/>\n        0<br \/>\n        <sup>+<\/sup><br \/>\n                Pro Players Trained<\/p>\n","protected":false},"excerpt":{"rendered":"<p>\u00c0 propos de nous Bienvenue \u00e0 Mallorcamp AM\u00c9LIOREZ VOS COMP\u00c9TENCES EN TENNIS OU EN PADEL AVEC MALLORCAMP Mallorcamp est une entreprise leader dans le domaine de l&rsquo;entra\u00eenement au tennis sur l&rsquo;\u00eele de Majorque, avec une \u00e9quipe d&rsquo;entra\u00eeneurs tr\u00e8s exp\u00e9riment\u00e9s et diversifi\u00e9s. Nous r\u00e9unissons la combinaison explosive de l&rsquo;excellent niveau de jeu, de la jeunesse et [&hellip;]<\/p>\n","protected":false},"author":1,"featured_media":0,"parent":0,"menu_order":0,"comment_status":"closed","ping_status":"closed","template":"","meta":{"_mi_skip_tracking":false,"_monsterinsights_sitenote_active":false,"_monsterinsights_sitenote_note":"","_monsterinsights_sitenote_category":0,"footnotes":""},"class_list":["post-27599","page","type-page","status-publish","hentry"],"_links":{"self":[{"href":"https:\/\/mallorcamp.com\/fr\/wp-json\/wp\/v2\/pages\/27599","targetHints":{"allow":["GET"]}}],"collection":[{"href":"https:\/\/mallorcamp.com\/fr\/wp-json\/wp\/v2\/pages"}],"about":[{"href":"https:\/\/mallorcamp.com\/fr\/wp-json\/wp\/v2\/types\/page"}],"author":[{"embeddable":true,"href":"https:\/\/mallorcamp.com\/fr\/wp-json\/wp\/v2\/users\/1"}],"replies":[{"embeddable":true,"href":"https:\/\/mallorcamp.com\/fr\/wp-json\/wp\/v2\/comments?post=27599"}],"version-history":[{"count":1,"href":"https:\/\/mallorcamp.com\/fr\/wp-json\/wp\/v2\/pages\/27599\/revisions"}],"predecessor-version":[{"id":27600,"href":"https:\/\/mallorcamp.com\/fr\/wp-json\/wp\/v2\/pages\/27599\/revisions\/27600"}],"wp:attachment":[{"href":"https:\/\/mallorcamp.com\/fr\/wp-json\/wp\/v2\/media?parent=27599"}],"curies":[{"name":"wp","href":"https:\/\/api.w.org\/{rel}","templated":true}]}}